{"id":6911,"date":"2026-04-26T11:30:55","date_gmt":"2026-04-26T11:30:55","guid":{"rendered":"https:\/\/www.anothericeland.com\/?post_type=product&#038;p=6911"},"modified":"2026-04-26T14:46:47","modified_gmt":"2026-04-26T14:46:47","slug":"south-west-7days","status":"publish","type":"product","link":"https:\/\/www.anothericeland.com\/de\/product\/south-west-7days\/","title":{"rendered":"South &#038; West in 7 Days"},"content":{"rendered":"","protected":false},"excerpt":{"rendered":"<p class=\"translation-block\">Dieses Reiseprogramm umfasst die Highlights S\u00fcd- und Westislands und pr\u00e4sentiert die Sn\u00e6fellsnes-Halbinsel, den Borgarfj\u00f6r\u00f0ur-Bezirk und Europas gr\u00f6\u00dfte Geothermalquelle. Besucht die faszinierenden Wasserf\u00e4lle Hraunfossar und Barnafoss sowie die historische St\u00e4tte von Reykholt. Erlebt die ikonische Route des Goldenen Kreises mit dem \u00deingvellir-Nationalpark, dem Geysir, dem Ker\u00ed\u00f0-Krater und dem Gullfoss-Wasserfall. Schlendert entlang Islands spektakul\u00e4rer S\u00fcdk\u00fcste mit den majest\u00e4tischen Wasserf\u00e4llen Sk\u00f3gafoss und Seljalandsfoss und erkundet die dramatischen Schwarzsandstr\u00e4nde von Dyrh\u00f3laey.<\/p>","protected":false},"featured_media":4856,"template":"","meta":{"_acf_changed":false},"product_brand":[],"product_cat":[35],"product_tag":[102],"class_list":{"0":"post-6911","1":"product","2":"type-product","3":"status-publish","4":"has-post-thumbnail","6":"product_cat-self-drive","7":"product_tag-south-west-7days","9":"first","10":"instock","11":"shipping-taxable","12":"purchasable","13":"product-type-simple"},"acf":[],"_links":{"self":[{"href":"https:\/\/www.anothericeland.com\/de\/wp-json\/wp\/v2\/product\/6911","targetHints":{"allow":["GET"]}}],"collection":[{"href":"https:\/\/www.anothericeland.com\/de\/wp-json\/wp\/v2\/product"}],"about":[{"href":"https:\/\/www.anothericeland.com\/de\/wp-json\/wp\/v2\/types\/product"}],"version-history":[{"count":1,"href":"https:\/\/www.anothericeland.com\/de\/wp-json\/wp\/v2\/product\/6911\/revisions"}],"predecessor-version":[{"id":6912,"href":"https:\/\/www.anothericeland.com\/de\/wp-json\/wp\/v2\/product\/6911\/revisions\/6912"}],"wp:featuredmedia":[{"embeddable":true,"href":"https:\/\/www.anothericeland.com\/de\/wp-json\/wp\/v2\/media\/4856"}],"wp:attachment":[{"href":"https:\/\/www.anothericeland.com\/de\/wp-json\/wp\/v2\/media?parent=6911"}],"wp:term":[{"taxonomy":"product_brand","embeddable":true,"href":"https:\/\/www.anothericeland.com\/de\/wp-json\/wp\/v2\/product_brand?post=6911"},{"taxonomy":"product_cat","embeddable":true,"href":"https:\/\/www.anothericeland.com\/de\/wp-json\/wp\/v2\/product_cat?post=6911"},{"taxonomy":"product_tag","embeddable":true,"href":"https:\/\/www.anothericeland.com\/de\/wp-json\/wp\/v2\/product_tag?post=6911"}],"curies":[{"name":"wp","href":"https:\/\/api.w.org\/{rel}","templated":true}]}}