{"id":1815,"date":"2024-01-07T14:09:12","date_gmt":"2024-01-07T14:09:12","guid":{"rendered":"https:\/\/www.anothericeland.com\/?post_type=product&#038;p=1815"},"modified":"2026-04-08T22:16:15","modified_gmt":"2026-04-08T22:16:15","slug":"iceland-express-extended","status":"publish","type":"product","link":"https:\/\/www.anothericeland.com\/es\/product\/iceland-express-extended\/","title":{"rendered":"Islandia Express ampliado"},"content":{"rendered":"","protected":false},"excerpt":{"rendered":"<p>Para viajeros que buscan aventura y prefieren conducir un veh\u00edculo 4x4, el Iceland Express Extended Self-Drive Tour ofrece una oportunidad \u00fanica para explorar el coraz\u00f3n de Islandia a lo largo de algunas de sus rutas m\u00e1s espectaculares. Sum\u00e9rgete en paisajes inolvidables mientras descubres volcanes, cascadas, lagunas glaciares y remotas regiones del pa\u00eds en este extraordinario viaje.<\/p>","protected":false},"featured_media":4909,"template":"","meta":{"_acf_changed":false},"product_brand":[],"product_cat":[35],"product_tag":[40],"class_list":{"0":"post-1815","1":"product","2":"type-product","3":"status-publish","4":"has-post-thumbnail","6":"product_cat-self-drive","7":"product_tag-express-extended","9":"first","10":"instock","11":"shipping-taxable","12":"purchasable","13":"product-type-simple"},"acf":[],"_links":{"self":[{"href":"https:\/\/www.anothericeland.com\/es\/wp-json\/wp\/v2\/product\/1815","targetHints":{"allow":["GET"]}}],"collection":[{"href":"https:\/\/www.anothericeland.com\/es\/wp-json\/wp\/v2\/product"}],"about":[{"href":"https:\/\/www.anothericeland.com\/es\/wp-json\/wp\/v2\/types\/product"}],"version-history":[{"count":10,"href":"https:\/\/www.anothericeland.com\/es\/wp-json\/wp\/v2\/product\/1815\/revisions"}],"predecessor-version":[{"id":6636,"href":"https:\/\/www.anothericeland.com\/es\/wp-json\/wp\/v2\/product\/1815\/revisions\/6636"}],"wp:featuredmedia":[{"embeddable":true,"href":"https:\/\/www.anothericeland.com\/es\/wp-json\/wp\/v2\/media\/4909"}],"wp:attachment":[{"href":"https:\/\/www.anothericeland.com\/es\/wp-json\/wp\/v2\/media?parent=1815"}],"wp:term":[{"taxonomy":"product_brand","embeddable":true,"href":"https:\/\/www.anothericeland.com\/es\/wp-json\/wp\/v2\/product_brand?post=1815"},{"taxonomy":"product_cat","embeddable":true,"href":"https:\/\/www.anothericeland.com\/es\/wp-json\/wp\/v2\/product_cat?post=1815"},{"taxonomy":"product_tag","embeddable":true,"href":"https:\/\/www.anothericeland.com\/es\/wp-json\/wp\/v2\/product_tag?post=1815"}],"curies":[{"name":"wp","href":"https:\/\/api.w.org\/{rel}","templated":true}]}}