{"id":1840,"date":"2024-01-05T09:32:15","date_gmt":"2024-01-05T09:32:15","guid":{"rendered":"https:\/\/www.anothericeland.com\/?post_type=product&#038;p=1840"},"modified":"2026-04-27T08:37:32","modified_gmt":"2026-04-27T08:37:32","slug":"south-including-snaefellsnes","status":"publish","type":"product","link":"https:\/\/www.anothericeland.com\/es\/product\/south-including-snaefellsnes\/","title":{"rendered":"South &#038; West including Snaefellsnes &#038; J\u00f6kuls\u00e1rl\u00f3n"},"content":{"rendered":"","protected":false},"excerpt":{"rendered":"<div data-test-render-count=\"1\">\n<div class=\"group\">\n<div class=\"contents\">\n<div class=\"group relative relative pb-3\" data-is-streaming=\"false\">\n<div class=\"font-claude-response relative leading-[1.65rem] [&amp;_pre&gt;div]:bg-bg-000\/50 [&amp;_pre&gt;div]:border-0.5 [&amp;_pre&gt;div]:border-border-400 [&amp;_.ignore-pre-bg&gt;div]:bg-transparent [&amp;_.standard-markdown_:is(p,blockquote,h1,h2,h3,h4,h5,h6)]:pl-2 [&amp;_.standard-markdown_:is(p,blockquote,ul,ol,h1,h2,h3,h4,h5,h6)]:pr-8 [&amp;_.progressive-markdown_:is(p,blockquote,h1,h2,h3,h4,h5,h6)]:pl-2 [&amp;_.progressive-markdown_:is(p,blockquote,ul,ol,h1,h2,h3,h4,h5,h6)]:pr-8\">\n<div>\n<div class=\"standard-markdown grid-cols-1 grid [&amp;_&gt;_*]:min-w-0 gap-3 standard-markdown\">\n<p class=\"font-claude-response-body break-words whitespace-normal leading-[1.7]\">Eight days through the best of southern and western Iceland \u2014 the wild Sn\u00e6fellsnes Peninsula with its glacier volcano, the lava waterfalls of Hraunfossar and Barnafoss, the medieval village of Reykholt and Europe&#8217;s most powerful hot spring. The Golden Circle covers \u00deingvellir National Park, the erupting Strokkur geyser, Keri\u00f0 crater and thundering Gullfoss. The South Coast brings Sk\u00f3gafoss, Seljalandsfoss and the dramatic black sand beaches of Dyrh\u00f3laey \u2014 before continuing east to the shimmering J\u00f6kuls\u00e1rl\u00f3n Glacier Lagoon and Diamond Beach, where ancient icebergs meet the black sand shore.<\/p>\n<\/div>\n<\/div>\n<\/div>\n<\/div>\n<\/div>\n<\/div>\n<\/div>\n","protected":false},"featured_media":5059,"template":"","meta":{"_acf_changed":false},"product_brand":[],"product_cat":[35],"product_tag":[41],"class_list":{"0":"post-1840","1":"product","2":"type-product","3":"status-publish","4":"has-post-thumbnail","6":"product_cat-self-drive","7":"product_tag-south-west-glaciar","9":"first","10":"instock","11":"shipping-taxable","12":"purchasable","13":"product-type-simple"},"acf":[],"_links":{"self":[{"href":"https:\/\/www.anothericeland.com\/es\/wp-json\/wp\/v2\/product\/1840","targetHints":{"allow":["GET"]}}],"collection":[{"href":"https:\/\/www.anothericeland.com\/es\/wp-json\/wp\/v2\/product"}],"about":[{"href":"https:\/\/www.anothericeland.com\/es\/wp-json\/wp\/v2\/types\/product"}],"version-history":[{"count":13,"href":"https:\/\/www.anothericeland.com\/es\/wp-json\/wp\/v2\/product\/1840\/revisions"}],"predecessor-version":[{"id":6919,"href":"https:\/\/www.anothericeland.com\/es\/wp-json\/wp\/v2\/product\/1840\/revisions\/6919"}],"wp:featuredmedia":[{"embeddable":true,"href":"https:\/\/www.anothericeland.com\/es\/wp-json\/wp\/v2\/media\/5059"}],"wp:attachment":[{"href":"https:\/\/www.anothericeland.com\/es\/wp-json\/wp\/v2\/media?parent=1840"}],"wp:term":[{"taxonomy":"product_brand","embeddable":true,"href":"https:\/\/www.anothericeland.com\/es\/wp-json\/wp\/v2\/product_brand?post=1840"},{"taxonomy":"product_cat","embeddable":true,"href":"https:\/\/www.anothericeland.com\/es\/wp-json\/wp\/v2\/product_cat?post=1840"},{"taxonomy":"product_tag","embeddable":true,"href":"https:\/\/www.anothericeland.com\/es\/wp-json\/wp\/v2\/product_tag?post=1840"}],"curies":[{"name":"wp","href":"https:\/\/api.w.org\/{rel}","templated":true}]}}