{"id":1907,"date":"2024-01-02T16:08:57","date_gmt":"2024-01-02T16:08:57","guid":{"rendered":"https:\/\/www.anothericeland.com\/?post_type=product&#038;p=1907"},"modified":"2026-04-08T22:45:25","modified_gmt":"2026-04-08T22:45:25","slug":"the-amazing-south-coast","status":"publish","type":"product","link":"https:\/\/www.anothericeland.com\/es\/product\/the-amazing-south-coast\/","title":{"rendered":"La incre\u00edble costa sur"},"content":{"rendered":"","protected":false},"excerpt":{"rendered":"<p>Esta aventura de 5 d\u00edas te sumerge en la extraordinaria belleza del sur de Islandia, combinando sus lugares m\u00e1s famosos con rincones menos conocidos a lo largo de la costa. Descubre enormes glaciares, majestuosas cascadas, paisajes volc\u00e1nicos y tranquilas playas de arena negra mientras recorres algunas de las regiones m\u00e1s impresionantes del pa\u00eds.\n\nDesde maravillas naturales declaradas Patrimonio de la Humanidad por la UNESCO hasta tesoros naturales m\u00e1s remotos, este viaje ofrece una forma perfecta de descubrir la diversidad y la magia de Islandia.<\/p>","protected":false},"featured_media":1564,"template":"","meta":{"_acf_changed":false},"product_brand":[],"product_cat":[35],"product_tag":[44],"class_list":{"0":"post-1907","1":"product","2":"type-product","3":"status-publish","4":"has-post-thumbnail","6":"product_cat-self-drive","7":"product_tag-amazing-south-coast","9":"first","10":"instock","11":"shipping-taxable","12":"purchasable","13":"product-type-simple"},"acf":[],"_links":{"self":[{"href":"https:\/\/www.anothericeland.com\/es\/wp-json\/wp\/v2\/product\/1907","targetHints":{"allow":["GET"]}}],"collection":[{"href":"https:\/\/www.anothericeland.com\/es\/wp-json\/wp\/v2\/product"}],"about":[{"href":"https:\/\/www.anothericeland.com\/es\/wp-json\/wp\/v2\/types\/product"}],"version-history":[{"count":7,"href":"https:\/\/www.anothericeland.com\/es\/wp-json\/wp\/v2\/product\/1907\/revisions"}],"predecessor-version":[{"id":6646,"href":"https:\/\/www.anothericeland.com\/es\/wp-json\/wp\/v2\/product\/1907\/revisions\/6646"}],"wp:featuredmedia":[{"embeddable":true,"href":"https:\/\/www.anothericeland.com\/es\/wp-json\/wp\/v2\/media\/1564"}],"wp:attachment":[{"href":"https:\/\/www.anothericeland.com\/es\/wp-json\/wp\/v2\/media?parent=1907"}],"wp:term":[{"taxonomy":"product_brand","embeddable":true,"href":"https:\/\/www.anothericeland.com\/es\/wp-json\/wp\/v2\/product_brand?post=1907"},{"taxonomy":"product_cat","embeddable":true,"href":"https:\/\/www.anothericeland.com\/es\/wp-json\/wp\/v2\/product_cat?post=1907"},{"taxonomy":"product_tag","embeddable":true,"href":"https:\/\/www.anothericeland.com\/es\/wp-json\/wp\/v2\/product_tag?post=1907"}],"curies":[{"name":"wp","href":"https:\/\/api.w.org\/{rel}","templated":true}]}}