{"id":20,"date":"2024-01-06T11:08:43","date_gmt":"2024-01-06T11:08:43","guid":{"rendered":"https:\/\/envothemes.com\/envo-ecommerce\/product\/import-placeholder-for-51\/"},"modified":"2026-04-08T22:20:33","modified_gmt":"2026-04-08T22:20:33","slug":"iceland-express","status":"publish","type":"product","link":"https:\/\/www.anothericeland.com\/es\/product\/iceland-express\/","title":{"rendered":"Islandia Express"},"content":{"rendered":"","protected":false},"excerpt":{"rendered":"<p>Emb\u00e1rcate en un viaje de 7 d\u00edas por la famosa Ring Road de Islandia, descubriendo algunos de los paisajes naturales m\u00e1s impresionantes del pa\u00eds y realizando interesantes desv\u00edos por el camino. Entre los puntos destacados se encuentran el Parque Nacional de Thingvellir (Patrimonio de la Humanidad por la UNESCO), la cascada de Gullfoss, el \u00e1rea geot\u00e9rmica de Geysir, la laguna glaciar de J\u00f6kuls\u00e1rl\u00f3n, el lago M\u00fdvatn, la ciudad de Akureyri, las cascadas de Hraunfossar y Barnafoss, y la famosa Laguna Azul.<\/p>","protected":false},"featured_media":4876,"template":"","meta":{"_acf_changed":false},"product_brand":[],"product_cat":[35],"product_tag":[38],"class_list":{"0":"post-20","1":"product","2":"type-product","3":"status-publish","4":"has-post-thumbnail","6":"product_cat-self-drive","7":"product_tag-iceland-express","9":"first","10":"instock","11":"featured","12":"sold-individually","13":"shipping-taxable","14":"purchasable","15":"product-type-simple"},"acf":[],"_links":{"self":[{"href":"https:\/\/www.anothericeland.com\/es\/wp-json\/wp\/v2\/product\/20","targetHints":{"allow":["GET"]}}],"collection":[{"href":"https:\/\/www.anothericeland.com\/es\/wp-json\/wp\/v2\/product"}],"about":[{"href":"https:\/\/www.anothericeland.com\/es\/wp-json\/wp\/v2\/types\/product"}],"version-history":[{"count":8,"href":"https:\/\/www.anothericeland.com\/es\/wp-json\/wp\/v2\/product\/20\/revisions"}],"predecessor-version":[{"id":6637,"href":"https:\/\/www.anothericeland.com\/es\/wp-json\/wp\/v2\/product\/20\/revisions\/6637"}],"wp:featuredmedia":[{"embeddable":true,"href":"https:\/\/www.anothericeland.com\/es\/wp-json\/wp\/v2\/media\/4876"}],"wp:attachment":[{"href":"https:\/\/www.anothericeland.com\/es\/wp-json\/wp\/v2\/media?parent=20"}],"wp:term":[{"taxonomy":"product_brand","embeddable":true,"href":"https:\/\/www.anothericeland.com\/es\/wp-json\/wp\/v2\/product_brand?post=20"},{"taxonomy":"product_cat","embeddable":true,"href":"https:\/\/www.anothericeland.com\/es\/wp-json\/wp\/v2\/product_cat?post=20"},{"taxonomy":"product_tag","embeddable":true,"href":"https:\/\/www.anothericeland.com\/es\/wp-json\/wp\/v2\/product_tag?post=20"}],"curies":[{"name":"wp","href":"https:\/\/api.w.org\/{rel}","templated":true}]}}