{"id":2174,"date":"2018-01-01T15:57:29","date_gmt":"2018-01-01T15:57:29","guid":{"rendered":"https:\/\/www.anothericeland.com\/?post_type=product&#038;p=2174"},"modified":"2026-04-06T15:46:16","modified_gmt":"2026-04-06T15:46:16","slug":"a-taste-of-iceland","status":"publish","type":"product","link":"https:\/\/www.anothericeland.com\/es\/product\/a-taste-of-iceland\/","title":{"rendered":"Sabores de Islandia"},"content":{"rendered":"","protected":false},"excerpt":{"rendered":"<p>Este itinerario de cuatro d\u00edas combina algunos de los paisajes m\u00e1s espectaculares de Islandia: zonas geot\u00e9rmicas activas, cascadas impresionantes y la espectacular costa volc\u00e1nica. El viaje culmina con un rejuvenecedor ba\u00f1o en la famosa Laguna Azul.<\/p>","protected":false},"featured_media":2916,"template":"","meta":{"_acf_changed":false},"product_brand":[],"product_cat":[35],"product_tag":[68],"class_list":{"0":"post-2174","1":"product","2":"type-product","3":"status-publish","4":"has-post-thumbnail","6":"product_cat-self-drive","7":"product_tag-4days-taste","9":"first","10":"instock","11":"sold-individually","12":"shipping-taxable","13":"purchasable","14":"product-type-simple"},"acf":[],"_links":{"self":[{"href":"https:\/\/www.anothericeland.com\/es\/wp-json\/wp\/v2\/product\/2174","targetHints":{"allow":["GET"]}}],"collection":[{"href":"https:\/\/www.anothericeland.com\/es\/wp-json\/wp\/v2\/product"}],"about":[{"href":"https:\/\/www.anothericeland.com\/es\/wp-json\/wp\/v2\/types\/product"}],"version-history":[{"count":6,"href":"https:\/\/www.anothericeland.com\/es\/wp-json\/wp\/v2\/product\/2174\/revisions"}],"predecessor-version":[{"id":5934,"href":"https:\/\/www.anothericeland.com\/es\/wp-json\/wp\/v2\/product\/2174\/revisions\/5934"}],"wp:featuredmedia":[{"embeddable":true,"href":"https:\/\/www.anothericeland.com\/es\/wp-json\/wp\/v2\/media\/2916"}],"wp:attachment":[{"href":"https:\/\/www.anothericeland.com\/es\/wp-json\/wp\/v2\/media?parent=2174"}],"wp:term":[{"taxonomy":"product_brand","embeddable":true,"href":"https:\/\/www.anothericeland.com\/es\/wp-json\/wp\/v2\/product_brand?post=2174"},{"taxonomy":"product_cat","embeddable":true,"href":"https:\/\/www.anothericeland.com\/es\/wp-json\/wp\/v2\/product_cat?post=2174"},{"taxonomy":"product_tag","embeddable":true,"href":"https:\/\/www.anothericeland.com\/es\/wp-json\/wp\/v2\/product_tag?post=2174"}],"curies":[{"name":"wp","href":"https:\/\/api.w.org\/{rel}","templated":true}]}}