{"id":22,"date":"2019-04-18T11:08:43","date_gmt":"2019-04-18T11:08:43","guid":{"rendered":"https:\/\/envothemes.com\/envo-ecommerce\/product\/import-placeholder-for-59\/"},"modified":"2026-04-08T22:51:20","modified_gmt":"2026-04-08T22:51:20","slug":"colors-of-iceland","status":"publish","type":"product","link":"https:\/\/www.anothericeland.com\/es\/product\/colors-of-iceland\/","title":{"rendered":"Los colores de Islandia"},"content":{"rendered":"","protected":false},"excerpt":{"rendered":"<p>Descubre los paisajes m\u00e1s impresionantes de Islandia en esta aventura de 11 d\u00edas en coche.<br \/>\nExplora lugares emblem\u00e1ticos como la Reserva Natural de J\u00f6kuls\u00e1rglj\u00fafur, Dettifoss \u2014 la cascada m\u00e1s poderosa de Europa \u2014 y el espectacular valle de \u00c1sbyrgi. Contin\u00faa por la pen\u00ednsula de Sn\u00e6fellsnes, el lago M\u00fdvatn, el Parque Nacional de Skaftafell, la famosa laguna glaciar de J\u00f6kuls\u00e1rl\u00f3n y muchos otros paisajes inolvidables.<\/p>","protected":false},"featured_media":5244,"template":"","meta":{"_acf_changed":false},"product_brand":[],"product_cat":[35],"product_tag":[36],"class_list":{"0":"post-22","1":"product","2":"type-product","3":"status-publish","4":"has-post-thumbnail","6":"product_cat-self-drive","7":"product_tag-colors-of-iceland","9":"first","10":"instock","11":"shipping-taxable","12":"purchasable","13":"product-type-simple"},"acf":[],"_links":{"self":[{"href":"https:\/\/www.anothericeland.com\/es\/wp-json\/wp\/v2\/product\/22","targetHints":{"allow":["GET"]}}],"collection":[{"href":"https:\/\/www.anothericeland.com\/es\/wp-json\/wp\/v2\/product"}],"about":[{"href":"https:\/\/www.anothericeland.com\/es\/wp-json\/wp\/v2\/types\/product"}],"version-history":[{"count":15,"href":"https:\/\/www.anothericeland.com\/es\/wp-json\/wp\/v2\/product\/22\/revisions"}],"predecessor-version":[{"id":6649,"href":"https:\/\/www.anothericeland.com\/es\/wp-json\/wp\/v2\/product\/22\/revisions\/6649"}],"wp:featuredmedia":[{"embeddable":true,"href":"https:\/\/www.anothericeland.com\/es\/wp-json\/wp\/v2\/media\/5244"}],"wp:attachment":[{"href":"https:\/\/www.anothericeland.com\/es\/wp-json\/wp\/v2\/media?parent=22"}],"wp:term":[{"taxonomy":"product_brand","embeddable":true,"href":"https:\/\/www.anothericeland.com\/es\/wp-json\/wp\/v2\/product_brand?post=22"},{"taxonomy":"product_cat","embeddable":true,"href":"https:\/\/www.anothericeland.com\/es\/wp-json\/wp\/v2\/product_cat?post=22"},{"taxonomy":"product_tag","embeddable":true,"href":"https:\/\/www.anothericeland.com\/es\/wp-json\/wp\/v2\/product_tag?post=22"}],"curies":[{"name":"wp","href":"https:\/\/api.w.org\/{rel}","templated":true}]}}