{"id":2428,"date":"2019-01-03T14:22:43","date_gmt":"2019-01-03T14:22:43","guid":{"rendered":"https:\/\/www.anothericeland.com\/?post_type=product&#038;p=2428"},"modified":"2026-04-09T00:10:42","modified_gmt":"2026-04-09T00:10:42","slug":"iceland-complete-circle","status":"publish","type":"product","link":"https:\/\/www.anothericeland.com\/es\/product\/iceland-complete-circle\/","title":{"rendered":"C\u00edrculo completo de Islandia"},"content":{"rendered":"","protected":false},"excerpt":{"rendered":"<p>Emb\u00e1rcate en la aventura definitiva por Islandia con este cl\u00e1sico viaje alrededor de la isla. Descubre algunos de los paisajes naturales m\u00e1s impresionantes del pa\u00eds, desde parques nacionales y majestuosas cascadas hasta glaciares, volcanes, aguas termales y piscinas geot\u00e9rmicas.\n\nPara quienes viajan con veh\u00edculos 4x4, las carreteras de las Highlands ofrecen una experiencia inolvidable fuera de las rutas m\u00e1s transitadas.<\/p>","protected":false},"featured_media":5052,"template":"","meta":{"_acf_changed":false},"product_brand":[],"product_cat":[35],"product_tag":[48],"class_list":{"0":"post-2428","1":"product","2":"type-product","3":"status-publish","4":"has-post-thumbnail","6":"product_cat-self-drive","7":"product_tag-iceland-complete-circle","9":"first","10":"instock","11":"shipping-taxable","12":"purchasable","13":"product-type-simple"},"acf":[],"_links":{"self":[{"href":"https:\/\/www.anothericeland.com\/es\/wp-json\/wp\/v2\/product\/2428","targetHints":{"allow":["GET"]}}],"collection":[{"href":"https:\/\/www.anothericeland.com\/es\/wp-json\/wp\/v2\/product"}],"about":[{"href":"https:\/\/www.anothericeland.com\/es\/wp-json\/wp\/v2\/types\/product"}],"version-history":[{"count":9,"href":"https:\/\/www.anothericeland.com\/es\/wp-json\/wp\/v2\/product\/2428\/revisions"}],"predecessor-version":[{"id":6655,"href":"https:\/\/www.anothericeland.com\/es\/wp-json\/wp\/v2\/product\/2428\/revisions\/6655"}],"wp:featuredmedia":[{"embeddable":true,"href":"https:\/\/www.anothericeland.com\/es\/wp-json\/wp\/v2\/media\/5052"}],"wp:attachment":[{"href":"https:\/\/www.anothericeland.com\/es\/wp-json\/wp\/v2\/media?parent=2428"}],"wp:term":[{"taxonomy":"product_brand","embeddable":true,"href":"https:\/\/www.anothericeland.com\/es\/wp-json\/wp\/v2\/product_brand?post=2428"},{"taxonomy":"product_cat","embeddable":true,"href":"https:\/\/www.anothericeland.com\/es\/wp-json\/wp\/v2\/product_cat?post=2428"},{"taxonomy":"product_tag","embeddable":true,"href":"https:\/\/www.anothericeland.com\/es\/wp-json\/wp\/v2\/product_tag?post=2428"}],"curies":[{"name":"wp","href":"https:\/\/api.w.org\/{rel}","templated":true}]}}