{"id":3724,"date":"2026-02-22T09:17:02","date_gmt":"2026-02-22T09:17:02","guid":{"rendered":"https:\/\/www.anothericeland.com\/?post_type=product&#038;p=3724"},"modified":"2026-04-08T22:08:23","modified_gmt":"2026-04-08T22:08:23","slug":"around-iceland-including-the-westman-islands","status":"publish","type":"product","link":"https:\/\/www.anothericeland.com\/es\/product\/around-iceland-including-the-westman-islands\/","title":{"rendered":"Alrededor de Islandia, incluidas las Islas Vestman"},"content":{"rendered":"","protected":false},"excerpt":{"rendered":"<p>Descubre lo mejor de Islandia en este viaje en coche alrededor de toda la isla, que combina paisajes dram\u00e1ticos, majestuosas cascadas, costas volc\u00e1nicas y la naturaleza salvaje de las Islas Vestman. Esta ruta inolvidable re\u00fane los lugares m\u00e1s emblem\u00e1ticos de Islandia junto con rincones menos conocidos, ofreciendo libertad, flexibilidad y aventura constante.\n\nPerfecto para viajeros que quieren descubrir la naturaleza, la fauna y la diversidad de paisajes de Islandia a su propio ritmo.<\/p>","protected":false},"featured_media":3725,"template":"","meta":{"_acf_changed":false},"product_brand":[],"product_cat":[35],"product_tag":[66],"class_list":{"0":"post-3724","1":"product","2":"type-product","3":"status-publish","4":"has-post-thumbnail","6":"product_cat-self-drive","7":"product_tag-12days-westman","9":"first","10":"instock","11":"shipping-taxable","12":"purchasable","13":"product-type-simple"},"acf":[],"_links":{"self":[{"href":"https:\/\/www.anothericeland.com\/es\/wp-json\/wp\/v2\/product\/3724","targetHints":{"allow":["GET"]}}],"collection":[{"href":"https:\/\/www.anothericeland.com\/es\/wp-json\/wp\/v2\/product"}],"about":[{"href":"https:\/\/www.anothericeland.com\/es\/wp-json\/wp\/v2\/types\/product"}],"version-history":[{"count":11,"href":"https:\/\/www.anothericeland.com\/es\/wp-json\/wp\/v2\/product\/3724\/revisions"}],"predecessor-version":[{"id":6634,"href":"https:\/\/www.anothericeland.com\/es\/wp-json\/wp\/v2\/product\/3724\/revisions\/6634"}],"wp:featuredmedia":[{"embeddable":true,"href":"https:\/\/www.anothericeland.com\/es\/wp-json\/wp\/v2\/media\/3725"}],"wp:attachment":[{"href":"https:\/\/www.anothericeland.com\/es\/wp-json\/wp\/v2\/media?parent=3724"}],"wp:term":[{"taxonomy":"product_brand","embeddable":true,"href":"https:\/\/www.anothericeland.com\/es\/wp-json\/wp\/v2\/product_brand?post=3724"},{"taxonomy":"product_cat","embeddable":true,"href":"https:\/\/www.anothericeland.com\/es\/wp-json\/wp\/v2\/product_cat?post=3724"},{"taxonomy":"product_tag","embeddable":true,"href":"https:\/\/www.anothericeland.com\/es\/wp-json\/wp\/v2\/product_tag?post=3724"}],"curies":[{"name":"wp","href":"https:\/\/api.w.org\/{rel}","templated":true}]}}