{"id":3745,"date":"2026-02-22T10:25:38","date_gmt":"2026-02-22T10:25:38","guid":{"rendered":"https:\/\/www.anothericeland.com\/?post_type=product&#038;p=3745"},"modified":"2026-04-08T22:06:03","modified_gmt":"2026-04-08T22:06:03","slug":"ultimate-jeep-adventure-in-iceland","status":"publish","type":"product","link":"https:\/\/www.anothericeland.com\/es\/product\/ultimate-jeep-adventure-in-iceland\/","title":{"rendered":"Aventura 4x4 en las Highlands"},"content":{"rendered":"","protected":false},"excerpt":{"rendered":"<p>En <strong data-start=\"4\" data-end=\"45\">Ultimate Iceland Self-Drive Adventure<\/strong> Ultimate Iceland Self-Drive Adventure es un emocionante viaje por algunos de los paisajes m\u00e1s espectaculares de la isla, desde poderosas cascadas y playas de arena negra hasta remotos volcanes de las Highlands y lagunas glaciares. Dise\u00f1ada para viajeros que buscan libertad y aventura, esta ruta combina los lugares m\u00e1s emblem\u00e1ticos con desafiantes carreteras 4x4, llev\u00e1ndote al coraz\u00f3n de la naturaleza salvaje e inolvidable de Islandia.<\/p>","protected":false},"featured_media":3783,"template":"","meta":{"_acf_changed":false},"product_brand":[],"product_cat":[35],"product_tag":[67],"class_list":{"0":"post-3745","1":"product","2":"type-product","3":"status-publish","4":"has-post-thumbnail","6":"product_cat-self-drive","7":"product_tag-13dayd-jeep","9":"first","10":"instock","11":"shipping-taxable","12":"purchasable","13":"product-type-simple"},"acf":[],"_links":{"self":[{"href":"https:\/\/www.anothericeland.com\/es\/wp-json\/wp\/v2\/product\/3745","targetHints":{"allow":["GET"]}}],"collection":[{"href":"https:\/\/www.anothericeland.com\/es\/wp-json\/wp\/v2\/product"}],"about":[{"href":"https:\/\/www.anothericeland.com\/es\/wp-json\/wp\/v2\/types\/product"}],"version-history":[{"count":20,"href":"https:\/\/www.anothericeland.com\/es\/wp-json\/wp\/v2\/product\/3745\/revisions"}],"predecessor-version":[{"id":6633,"href":"https:\/\/www.anothericeland.com\/es\/wp-json\/wp\/v2\/product\/3745\/revisions\/6633"}],"wp:featuredmedia":[{"embeddable":true,"href":"https:\/\/www.anothericeland.com\/es\/wp-json\/wp\/v2\/media\/3783"}],"wp:attachment":[{"href":"https:\/\/www.anothericeland.com\/es\/wp-json\/wp\/v2\/media?parent=3745"}],"wp:term":[{"taxonomy":"product_brand","embeddable":true,"href":"https:\/\/www.anothericeland.com\/es\/wp-json\/wp\/v2\/product_brand?post=3745"},{"taxonomy":"product_cat","embeddable":true,"href":"https:\/\/www.anothericeland.com\/es\/wp-json\/wp\/v2\/product_cat?post=3745"},{"taxonomy":"product_tag","embeddable":true,"href":"https:\/\/www.anothericeland.com\/es\/wp-json\/wp\/v2\/product_tag?post=3745"}],"curies":[{"name":"wp","href":"https:\/\/api.w.org\/{rel}","templated":true}]}}