{"id":5812,"date":"2019-01-07T11:07:58","date_gmt":"2019-01-07T11:07:58","guid":{"rendered":"https:\/\/www.anothericeland.com\/?post_type=product&#038;p=5812"},"modified":"2026-04-09T00:03:18","modified_gmt":"2026-04-09T00:03:18","slug":"around-iceland-including-snaefellsnes","status":"publish","type":"product","link":"https:\/\/www.anothericeland.com\/es\/product\/around-iceland-including-snaefellsnes\/","title":{"rendered":"Islandia Completa con la Pen\u00ednsula de Sn\u00e6fellsnes"},"content":{"rendered":"","protected":false},"excerpt":{"rendered":"<p>El viaje m\u00e1s ic\u00f3nico en coche de Islandia \u2014 una vuelta completa a la Ring Road combinada con un d\u00eda explorando la salvaje y dram\u00e1tica Pen\u00ednsula de Sn\u00e6fellsnes, uno de los secretos mejor guardados de Islandia.<br \/>\nEsta ruta cl\u00e1sica te lleva a todos los hitos que hacen de Islandia un destino verdaderamente inolvidable: los glaciares y playas de arena negra de Skaftafell, los m\u00edsticos paisajes volc\u00e1nicos del lago M\u00fdvatn, la poderosa Dettifoss \u2014 la cascada m\u00e1s caudalosa de Europa \u2014 y mucho m\u00e1s. Un d\u00eda completo se adentra al oeste de la Ring Road hasta Sn\u00e6fellsnes, una escarpada pen\u00ednsula de imponentes acantilados marinos, campos de lava, pueblos pesqueros y el legendario glaciar Sn\u00e6fellsj\u00f6kull que inspir\u00f3 el Viaje al Centro de la Tierra de Julio Verne. Tanto si es tu primera visita como si regresas por m\u00e1s, esta es la ruta que te muestra Islandia en toda su plenitud.<br \/>\nWhether you&#8217;re a first-time visitor or returning for more, this is the route that shows you Iceland in full.<\/p>","protected":false},"featured_media":5814,"template":"","meta":{"_acf_changed":false},"product_brand":[],"product_cat":[35],"product_tag":[98],"class_list":{"0":"post-5812","1":"product","2":"type-product","3":"status-publish","4":"has-post-thumbnail","6":"product_cat-self-drive","7":"product_tag-around-iceland-snaefellsnes","9":"first","10":"instock","11":"shipping-taxable","12":"purchasable","13":"product-type-simple"},"acf":[],"_links":{"self":[{"href":"https:\/\/www.anothericeland.com\/es\/wp-json\/wp\/v2\/product\/5812","targetHints":{"allow":["GET"]}}],"collection":[{"href":"https:\/\/www.anothericeland.com\/es\/wp-json\/wp\/v2\/product"}],"about":[{"href":"https:\/\/www.anothericeland.com\/es\/wp-json\/wp\/v2\/types\/product"}],"version-history":[{"count":5,"href":"https:\/\/www.anothericeland.com\/es\/wp-json\/wp\/v2\/product\/5812\/revisions"}],"predecessor-version":[{"id":6651,"href":"https:\/\/www.anothericeland.com\/es\/wp-json\/wp\/v2\/product\/5812\/revisions\/6651"}],"wp:featuredmedia":[{"embeddable":true,"href":"https:\/\/www.anothericeland.com\/es\/wp-json\/wp\/v2\/media\/5814"}],"wp:attachment":[{"href":"https:\/\/www.anothericeland.com\/es\/wp-json\/wp\/v2\/media?parent=5812"}],"wp:term":[{"taxonomy":"product_brand","embeddable":true,"href":"https:\/\/www.anothericeland.com\/es\/wp-json\/wp\/v2\/product_brand?post=5812"},{"taxonomy":"product_cat","embeddable":true,"href":"https:\/\/www.anothericeland.com\/es\/wp-json\/wp\/v2\/product_cat?post=5812"},{"taxonomy":"product_tag","embeddable":true,"href":"https:\/\/www.anothericeland.com\/es\/wp-json\/wp\/v2\/product_tag?post=5812"}],"curies":[{"name":"wp","href":"https:\/\/api.w.org\/{rel}","templated":true}]}}