{"id":5843,"date":"2024-01-04T14:08:19","date_gmt":"2024-01-04T14:08:19","guid":{"rendered":"https:\/\/www.anothericeland.com\/?post_type=product&#038;p=5843"},"modified":"2026-04-11T15:00:56","modified_gmt":"2026-04-11T15:00:56","slug":"south-coast-thorsmork-sj","status":"publish","type":"product","link":"https:\/\/www.anothericeland.com\/es\/product\/south-coast-thorsmork-sj\/","title":{"rendered":"Costa Sur y \u00de\u00f3rsm\u00f6rk en Super Jeep"},"content":{"rendered":"","protected":false},"excerpt":{"rendered":"<p>Este itinerario de siete d\u00edas recorre lo mejor de la Costa Sur de Islandia \u2014 cascadas atronadoras, playas de arena negra y los enormes icebergs de la laguna glaciar de J\u00f6kuls\u00e1rl\u00f3n \u2014 antes de culminar en algo verdaderamente extraordinario: una expedici\u00f3n guiada en Super Jeep al \u00de\u00f3rsm\u00f6rk, un remoto valle de las tierras altas al que solo se puede llegar vadeando r\u00edos glaciares. Por el camino, har\u00e1s senderismo por el Parque Nacional de Skaftafell, te maravillar\u00e1s ante Geysir y Gullfoss en el C\u00edrculo Dorado, y visitar\u00e1s el \u00deingvellir declarado Patrimonio de la Humanidad por la UNESCO, donde se celebr\u00f3 el primer parlamento del mundo. El d\u00eda en \u00de\u00f3rsm\u00f6rk es el momento cumbre indiscutible \u2014 un paisaje tan salvaje e inaccesible que parece un lugar olvidado por el mundo. Siete d\u00edas. Islandia en todo su esplendor.<\/p>","protected":false},"featured_media":5844,"template":"","meta":{"_acf_changed":false},"product_brand":[],"product_cat":[35],"product_tag":[99],"class_list":{"0":"post-5843","1":"product","2":"type-product","3":"status-publish","4":"has-post-thumbnail","6":"product_cat-self-drive","7":"product_tag-south-coast-thorsmork","9":"first","10":"instock","11":"shipping-taxable","12":"purchasable","13":"product-type-simple"},"acf":[],"_links":{"self":[{"href":"https:\/\/www.anothericeland.com\/es\/wp-json\/wp\/v2\/product\/5843","targetHints":{"allow":["GET"]}}],"collection":[{"href":"https:\/\/www.anothericeland.com\/es\/wp-json\/wp\/v2\/product"}],"about":[{"href":"https:\/\/www.anothericeland.com\/es\/wp-json\/wp\/v2\/types\/product"}],"version-history":[{"count":11,"href":"https:\/\/www.anothericeland.com\/es\/wp-json\/wp\/v2\/product\/5843\/revisions"}],"predecessor-version":[{"id":6750,"href":"https:\/\/www.anothericeland.com\/es\/wp-json\/wp\/v2\/product\/5843\/revisions\/6750"}],"wp:featuredmedia":[{"embeddable":true,"href":"https:\/\/www.anothericeland.com\/es\/wp-json\/wp\/v2\/media\/5844"}],"wp:attachment":[{"href":"https:\/\/www.anothericeland.com\/es\/wp-json\/wp\/v2\/media?parent=5843"}],"wp:term":[{"taxonomy":"product_brand","embeddable":true,"href":"https:\/\/www.anothericeland.com\/es\/wp-json\/wp\/v2\/product_brand?post=5843"},{"taxonomy":"product_cat","embeddable":true,"href":"https:\/\/www.anothericeland.com\/es\/wp-json\/wp\/v2\/product_cat?post=5843"},{"taxonomy":"product_tag","embeddable":true,"href":"https:\/\/www.anothericeland.com\/es\/wp-json\/wp\/v2\/product_tag?post=5843"}],"curies":[{"name":"wp","href":"https:\/\/api.w.org\/{rel}","templated":true}]}}