{"id":5865,"date":"2019-01-04T17:08:06","date_gmt":"2019-01-04T17:08:06","guid":{"rendered":"https:\/\/www.anothericeland.com\/?post_type=product&#038;p=5865"},"modified":"2026-04-09T00:06:46","modified_gmt":"2026-04-09T00:06:46","slug":"classic-iceland-super-jeep","status":"publish","type":"product","link":"https:\/\/www.anothericeland.com\/es\/product\/classic-iceland-super-jeep\/","title":{"rendered":"Islandia Cl\u00e1sica con Super Jeep a \u00de\u00f3rsm\u00f6rk"},"content":{"rendered":"","protected":false},"excerpt":{"rendered":"<p>Este viaje en coche de 10 d\u00edas te lleva por toda Islandia \u2014 desde las animadas calles de Reikiavik hasta los agrestes Fiordos del Este y de vuelta. Camina detr\u00e1s de Seljalandsfoss, contempla la erupci\u00f3n de Strokkur en el C\u00edrculo Dorado, cruza las arenas negras de V\u00edk y flota junto a icebergs desprendidos en J\u00f6kuls\u00e1rl\u00f3n. Siente temblar el suelo en Dettifoss y explora los fiordos de cuento del remoto este de Islandia, donde renos salvajes deambulan libremente junto a la carretera<br \/>\nEl momento cumbre del viaje: una expedici\u00f3n guiada de d\u00eda completo en Super Jeep a \u00de\u00f3rsm\u00f6rk \u2014 un valle oculto de las Highlands completamente rodeado de glaciares, accesible \u00fanicamente cruzando r\u00edos sin puente. Tu gu\u00eda experto te adentra por antiguos bosques de abedul y junto a imponentes lenguas glaciares, hacia un mundo que parece totalmente intacto.<\/p>","protected":false},"featured_media":5866,"template":"","meta":{"_acf_changed":false},"product_brand":[],"product_cat":[35],"product_tag":[100],"class_list":{"0":"post-5865","1":"product","2":"type-product","3":"status-publish","4":"has-post-thumbnail","6":"product_cat-self-drive","7":"product_tag-classic-iceland-super-jeep","9":"first","10":"instock","11":"shipping-taxable","12":"purchasable","13":"product-type-simple"},"acf":[],"_links":{"self":[{"href":"https:\/\/www.anothericeland.com\/es\/wp-json\/wp\/v2\/product\/5865","targetHints":{"allow":["GET"]}}],"collection":[{"href":"https:\/\/www.anothericeland.com\/es\/wp-json\/wp\/v2\/product"}],"about":[{"href":"https:\/\/www.anothericeland.com\/es\/wp-json\/wp\/v2\/types\/product"}],"version-history":[{"count":7,"href":"https:\/\/www.anothericeland.com\/es\/wp-json\/wp\/v2\/product\/5865\/revisions"}],"predecessor-version":[{"id":6653,"href":"https:\/\/www.anothericeland.com\/es\/wp-json\/wp\/v2\/product\/5865\/revisions\/6653"}],"wp:featuredmedia":[{"embeddable":true,"href":"https:\/\/www.anothericeland.com\/es\/wp-json\/wp\/v2\/media\/5866"}],"wp:attachment":[{"href":"https:\/\/www.anothericeland.com\/es\/wp-json\/wp\/v2\/media?parent=5865"}],"wp:term":[{"taxonomy":"product_brand","embeddable":true,"href":"https:\/\/www.anothericeland.com\/es\/wp-json\/wp\/v2\/product_brand?post=5865"},{"taxonomy":"product_cat","embeddable":true,"href":"https:\/\/www.anothericeland.com\/es\/wp-json\/wp\/v2\/product_cat?post=5865"},{"taxonomy":"product_tag","embeddable":true,"href":"https:\/\/www.anothericeland.com\/es\/wp-json\/wp\/v2\/product_tag?post=5865"}],"curies":[{"name":"wp","href":"https:\/\/api.w.org\/{rel}","templated":true}]}}