{"id":5937,"date":"2021-03-22T09:26:12","date_gmt":"2021-03-22T09:26:12","guid":{"rendered":"https:\/\/www.anothericeland.com\/?post_type=product&#038;p=5937"},"modified":"2026-04-08T22:48:16","modified_gmt":"2026-04-08T22:48:16","slug":"5-days-from-reykjavik","status":"publish","type":"product","link":"https:\/\/www.anothericeland.com\/es\/product\/5-days-from-reykjavik\/","title":{"rendered":"5 D\u00edas desde Reikiavik \u2014 Sin Hacer las Maletas"},"content":{"rendered":"","protected":false},"excerpt":{"rendered":"<p>Cinco d\u00edas, un solo hotel, sin cambiar de maleta. Este itinerario con base en Reikiavik te permite explorar los paisajes m\u00e1s ic\u00f3nicos de Islandia \u2014 cada d\u00eda en una direcci\u00f3n diferente, cada noche de vuelta a la capital. El C\u00edrculo Dorado, la dram\u00e1tica Costa Sur, las cascadas de lava del oeste de Islandia y la geot\u00e9rmica Pen\u00ednsula de Reikjanes \u2014 todo al alcance de Reikiavik, sin el engorro de cambiar de hotel cada noche.<\/p>","protected":false},"featured_media":5939,"template":"","meta":{"_acf_changed":false},"product_brand":[],"product_cat":[35],"product_tag":[101],"class_list":{"0":"post-5937","1":"product","2":"type-product","3":"status-publish","4":"has-post-thumbnail","6":"product_cat-self-drive","7":"product_tag-5-dyas-from-rkv","9":"first","10":"instock","11":"sold-individually","12":"shipping-taxable","13":"purchasable","14":"product-type-simple"},"acf":[],"_links":{"self":[{"href":"https:\/\/www.anothericeland.com\/es\/wp-json\/wp\/v2\/product\/5937","targetHints":{"allow":["GET"]}}],"collection":[{"href":"https:\/\/www.anothericeland.com\/es\/wp-json\/wp\/v2\/product"}],"about":[{"href":"https:\/\/www.anothericeland.com\/es\/wp-json\/wp\/v2\/types\/product"}],"version-history":[{"count":5,"href":"https:\/\/www.anothericeland.com\/es\/wp-json\/wp\/v2\/product\/5937\/revisions"}],"predecessor-version":[{"id":6647,"href":"https:\/\/www.anothericeland.com\/es\/wp-json\/wp\/v2\/product\/5937\/revisions\/6647"}],"wp:featuredmedia":[{"embeddable":true,"href":"https:\/\/www.anothericeland.com\/es\/wp-json\/wp\/v2\/media\/5939"}],"wp:attachment":[{"href":"https:\/\/www.anothericeland.com\/es\/wp-json\/wp\/v2\/media?parent=5937"}],"wp:term":[{"taxonomy":"product_brand","embeddable":true,"href":"https:\/\/www.anothericeland.com\/es\/wp-json\/wp\/v2\/product_brand?post=5937"},{"taxonomy":"product_cat","embeddable":true,"href":"https:\/\/www.anothericeland.com\/es\/wp-json\/wp\/v2\/product_cat?post=5937"},{"taxonomy":"product_tag","embeddable":true,"href":"https:\/\/www.anothericeland.com\/es\/wp-json\/wp\/v2\/product_tag?post=5937"}],"curies":[{"name":"wp","href":"https:\/\/api.w.org\/{rel}","templated":true}]}}