{"id":6911,"date":"2026-04-26T11:30:55","date_gmt":"2026-04-26T11:30:55","guid":{"rendered":"https:\/\/www.anothericeland.com\/?post_type=product&#038;p=6911"},"modified":"2026-04-26T14:46:47","modified_gmt":"2026-04-26T14:46:47","slug":"south-west-7days","status":"publish","type":"product","link":"https:\/\/www.anothericeland.com\/es\/product\/south-west-7days\/","title":{"rendered":"South &#038; West in 7 Days"},"content":{"rendered":"","protected":false},"excerpt":{"rendered":"<p class=\"translation-block\">Este itinerario recorre lo mejor del sur y oeste de Islandia, destacando la pen\u00ednsula de Sn\u00e6fellsnes, la regi\u00f3n de Borgarfj\u00f6r\u00f0ur y la mayor fuente geot\u00e9rmica de Europa. Descubre las impresionantes cascadas de Hraunfossar y Barnafoss, as\u00ed como el hist\u00f3rico enclave de Reykholt.\n\nExplora la ic\u00f3nica ruta del C\u00edrculo Dorado, que incluye el Parque Nacional Thingvellir, Geysir, el cr\u00e1ter Keri\u00f0 y la espectacular cascada Gullfoss. Contin\u00faa por la asombrosa costa sur de Islandia, con las majestuosas cascadas Sk\u00f3gafoss y Seljalandsfoss, y las impresionantes playas de arena negra de Dyrh\u00f3laey.<\/p>","protected":false},"featured_media":4856,"template":"","meta":{"_acf_changed":false},"product_brand":[],"product_cat":[35],"product_tag":[102],"class_list":{"0":"post-6911","1":"product","2":"type-product","3":"status-publish","4":"has-post-thumbnail","6":"product_cat-self-drive","7":"product_tag-south-west-7days","9":"first","10":"instock","11":"shipping-taxable","12":"purchasable","13":"product-type-simple"},"acf":[],"_links":{"self":[{"href":"https:\/\/www.anothericeland.com\/es\/wp-json\/wp\/v2\/product\/6911","targetHints":{"allow":["GET"]}}],"collection":[{"href":"https:\/\/www.anothericeland.com\/es\/wp-json\/wp\/v2\/product"}],"about":[{"href":"https:\/\/www.anothericeland.com\/es\/wp-json\/wp\/v2\/types\/product"}],"version-history":[{"count":1,"href":"https:\/\/www.anothericeland.com\/es\/wp-json\/wp\/v2\/product\/6911\/revisions"}],"predecessor-version":[{"id":6912,"href":"https:\/\/www.anothericeland.com\/es\/wp-json\/wp\/v2\/product\/6911\/revisions\/6912"}],"wp:featuredmedia":[{"embeddable":true,"href":"https:\/\/www.anothericeland.com\/es\/wp-json\/wp\/v2\/media\/4856"}],"wp:attachment":[{"href":"https:\/\/www.anothericeland.com\/es\/wp-json\/wp\/v2\/media?parent=6911"}],"wp:term":[{"taxonomy":"product_brand","embeddable":true,"href":"https:\/\/www.anothericeland.com\/es\/wp-json\/wp\/v2\/product_brand?post=6911"},{"taxonomy":"product_cat","embeddable":true,"href":"https:\/\/www.anothericeland.com\/es\/wp-json\/wp\/v2\/product_cat?post=6911"},{"taxonomy":"product_tag","embeddable":true,"href":"https:\/\/www.anothericeland.com\/es\/wp-json\/wp\/v2\/product_tag?post=6911"}],"curies":[{"name":"wp","href":"https:\/\/api.w.org\/{rel}","templated":true}]}}